{"id":412,"date":"2021-05-20T17:55:41","date_gmt":"2021-05-20T17:55:41","guid":{"rendered":"https:\/\/optisa.com.mx\/blog\/?page_id=412"},"modified":"2021-05-20T18:26:46","modified_gmt":"2021-05-20T18:26:46","slug":"project-desktop-avanzado","status":"publish","type":"page","link":"https:\/\/optisa.com.mx\/blog\/index.php\/project-desktop-avanzado\/","title":{"rendered":"Project Desktop Avanzado"},"content":{"rendered":"\t\t<div data-elementor-type=\"wp-page\" data-elementor-id=\"412\" class=\"elementor elementor-412\" data-elementor-settings=\"[]\">\n\t\t\t\t\t\t\t<div class=\"elementor-section-wrap\">\n\t\t\t\t\t\t\t<section class=\"elementor-section elementor-top-section elementor-element elementor-element-317add5 elementor-section-height-min-height elementor-section-items-top elementor-section-content-top elementor-section-boxed elementor-section-height-default\" data-id=\"317add5\" data-element_type=\"section\" data-settings=\"{&quot;background_background&quot;:&quot;slideshow&quot;,&quot;background_slideshow_gallery&quot;:[],&quot;background_slideshow_loop&quot;:&quot;yes&quot;,&quot;background_slideshow_slide_duration&quot;:5000,&quot;background_slideshow_slide_transition&quot;:&quot;fade&quot;,&quot;background_slideshow_transition_duration&quot;:500,&quot;ekit_has_onepagescroll_dot&quot;:&quot;yes&quot;}\">\n\t\t\t\t\t\t\t<div class=\"elementor-background-overlay\"><\/div>\n\t\t\t\t\t\t\t<div class=\"elementor-container elementor-column-gap-default\">\n\t\t\t\t\t<div class=\"elementor-column elementor-col-100 elementor-top-column elementor-element elementor-element-5d7b3fc elementor-invisible\" data-id=\"5d7b3fc\" data-element_type=\"column\" data-settings=\"{&quot;animation&quot;:&quot;pulse&quot;}\">\n\t\t\t<div class=\"elementor-widget-wrap elementor-element-populated\">\n\t\t\t\t\t\t\t\t<section class=\"elementor-section elementor-inner-section elementor-element elementor-element-207cf4e elementor-section-full_width elementor-section-height-default elementor-section-height-default\" data-id=\"207cf4e\" data-element_type=\"section\" data-settings=\"{&quot;ekit_has_onepagescroll_dot&quot;:&quot;yes&quot;}\">\n\t\t\t\t\t\t<div class=\"elementor-container elementor-column-gap-default\">\n\t\t\t\t\t<div class=\"elementor-column elementor-col-100 elementor-inner-column elementor-element elementor-element-5f2a111 elementor-invisible\" data-id=\"5f2a111\" data-element_type=\"column\" data-settings=\"{&quot;animation&quot;:&quot;fadeInLeft&quot;}\">\n\t\t\t<div class=\"elementor-widget-wrap elementor-element-populated\">\n\t\t\t\t\t\t\t\t<div class=\"elementor-element elementor-element-7e044da elementor-widget__width-inherit elementor-widget-mobile__width-inherit elementor-widget elementor-widget-text-editor\" data-id=\"7e044da\" data-element_type=\"widget\" data-settings=\"{&quot;_animation_mobile&quot;:&quot;fadeInDown&quot;}\" data-widget_type=\"text-editor.default\">\n\t\t\t\t<div class=\"elementor-widget-container\">\n\t\t\t\t\t\t\t\t<p>PROJECT DESKTOP AVANZADO<\/p>\t\t\t\t\t\t<\/div>\n\t\t\t\t<\/div>\n\t\t\t\t\t<\/div>\n\t\t<\/div>\n\t\t\t\t\t\t\t<\/div>\n\t\t<\/section>\n\t\t\t\t<div class=\"elementor-element elementor-element-0f74a61 elementor-widget elementor-widget-text-editor\" data-id=\"0f74a61\" data-element_type=\"widget\" data-widget_type=\"text-editor.default\">\n\t\t\t\t<div class=\"elementor-widget-container\">\n\t\t\t\t\t\t\t\t<ul><li><strong>Modalidad:<\/strong> En vivo y online<\/li><li><strong>Fechas:<\/strong> Del 14 al 18 de junio del 2021<\/li><li><strong>Horario:<\/strong> 18:00 a 21:00 hrs.<\/li><li><strong>Duraci\u00f3n:<\/strong> 15 hrs.<\/li><li>Curso avalado por la Secretaria del Trabajo y Previsi\u00f3n Social<\/li><li>Constancia con valor curricular<\/li><li><strong>GRATIS:\u00a0<\/strong>Acceso al curso OnDemand<\/li><\/ul>\t\t\t\t\t\t<\/div>\n\t\t\t\t<\/div>\n\t\t\t\t\t<\/div>\n\t\t<\/div>\n\t\t\t\t\t\t\t<\/div>\n\t\t<\/section>\n\t\t\t\t<section class=\"elementor-section elementor-top-section elementor-element elementor-element-49c60ac elementor-section-boxed elementor-section-height-default elementor-section-height-default\" data-id=\"49c60ac\" data-element_type=\"section\" data-settings=\"{&quot;ekit_has_onepagescroll_dot&quot;:&quot;yes&quot;}\">\n\t\t\t\t\t\t<div class=\"elementor-container elementor-column-gap-default\">\n\t\t\t\t\t<div class=\"elementor-column elementor-col-100 elementor-top-column elementor-element elementor-element-a80ae00\" data-id=\"a80ae00\" data-element_type=\"column\">\n\t\t\t<div class=\"elementor-widget-wrap elementor-element-populated\">\n\t\t\t\t\t\t\t\t<div class=\"elementor-element elementor-element-4ec51cf elementor-widget__width-inherit elementor-widget-tablet__width-inherit elementor-widget-mobile__width-inherit elementor-invisible elementor-widget elementor-widget-eael-creative-button\" data-id=\"4ec51cf\" data-element_type=\"widget\" data-settings=\"{&quot;_animation&quot;:&quot;fadeInLeft&quot;}\" data-widget_type=\"eael-creative-button.default\">\n\t\t\t\t<div class=\"elementor-widget-container\">\n\t\t\t        <div class=\"eael-creative-button-wrapper\">\n\n            <a class=\"eael-creative-button eael-creative-button--tamaya\" href=\"https:\/\/wa.me\/525534751373\" data-text=\"WhatsApp\">\n\n                <div class=\"creative-button-inner\">\n\n                    \n                    <span class=\"cretive-button-text\">Iniciar Chat<\/span>\n\n                                    <\/div>\n            <\/a>\n        <\/div>\n\t\t<\/div>\n\t\t\t\t<\/div>\n\t\t\t\t<div class=\"elementor-element elementor-element-a5efdca elementor-widget-divider--view-line_text elementor-widget-divider--element-align-center elementor-widget elementor-widget-divider\" data-id=\"a5efdca\" data-element_type=\"widget\" data-widget_type=\"divider.default\">\n\t\t\t\t<div class=\"elementor-widget-container\">\n\t\t\t\t\t<div class=\"elementor-divider\">\n\t\t\t<span class=\"elementor-divider-separator\">\n\t\t\t\t\t\t\t<h1 class=\"elementor-divider__text elementor-divider__element\">PR\u00d3XIMO CURSO<\/h1>\n\t\t\t\t\t\t<\/span>\n\t\t<\/div>\n\t\t\t\t<\/div>\n\t\t\t\t<\/div>\n\t\t\t\t<div class=\"elementor-element elementor-element-66a6fd8 elementor-widget elementor-widget-eael-countdown\" data-id=\"66a6fd8\" data-element_type=\"widget\" data-widget_type=\"eael-countdown.default\">\n\t\t\t\t<div class=\"elementor-widget-container\">\n\t\t\t\n\t\t<div class=\"eael-countdown-wrapper\" data-countdown-id=\"66a6fd8\" data-expire-type=\"none\">\n\t\t\t<div class=\"eael-countdown-container eael-countdown-label-block -tablet eael-countdown-label-inline-mobile eael-countdown-show-separator eael-countdown-separator-dotted\">\n\t\t\t\t<ul id=\"eael-countdown-66a6fd8\" class=\"eael-countdown-items\" data-date=\"Jun 14 2021 0:00:00\">\n\t\t\t\t\t<li class=\"eael-countdown-item\"><div class=\"eael-countdown-days\"><span data-days class=\"eael-countdown-digits\">00<\/span><span class=\"eael-countdown-label\">D\u00edas<\/span><\/div><\/li>\t\t\t\t\t<li class=\"eael-countdown-item\"><div class=\"eael-countdown-hours\"><span data-hours class=\"eael-countdown-digits\">00<\/span><span class=\"eael-countdown-label\">Horas<\/span><\/div><\/li>\t\t\t\t<li class=\"eael-countdown-item\"><div class=\"eael-countdown-minutes\"><span data-minutes class=\"eael-countdown-digits\">00<\/span><span class=\"eael-countdown-label\">Minutos<\/span><\/div><\/li>\t\t\t\t\t\t\t\t<\/ul>\n\t\t\t\t<div class=\"clearfix\"><\/div>\n\t\t\t<\/div>\n\t\t<\/div>\n\n\t\t\t<\/div>\n\t\t\t\t<\/div>\n\t\t\t\t\t<\/div>\n\t\t<\/div>\n\t\t\t\t\t\t\t<\/div>\n\t\t<\/section>\n\t\t\t\t<section class=\"elementor-section elementor-top-section elementor-element elementor-element-cc061d7 elementor-section-content-middle elementor-section-boxed elementor-section-height-default elementor-section-height-default\" data-id=\"cc061d7\" data-element_type=\"section\" data-settings=\"{&quot;background_background&quot;:&quot;classic&quot;,&quot;ekit_has_onepagescroll_dot&quot;:&quot;yes&quot;}\">\n\t\t\t\t\t\t\t<div class=\"elementor-background-overlay\"><\/div>\n\t\t\t\t\t\t\t<div class=\"elementor-container elementor-column-gap-default\">\n\t\t\t\t\t<div class=\"elementor-column elementor-col-100 elementor-top-column elementor-element elementor-element-b7a982d\" data-id=\"b7a982d\" data-element_type=\"column\" data-settings=\"{&quot;background_background&quot;:&quot;classic&quot;}\">\n\t\t\t<div class=\"elementor-widget-wrap elementor-element-populated\">\n\t\t\t\t\t\t\t\t<div class=\"elementor-element elementor-element-42250ae elementor-widget elementor-widget-eael-adv-tabs\" data-id=\"42250ae\" data-element_type=\"widget\" data-widget_type=\"eael-adv-tabs.default\">\n\t\t\t\t<div class=\"elementor-widget-container\">\n\t\t\t        <div id=\"eael-advance-tabs-42250ae\" class=\"eael-advance-tabs eael-tabs-horizontal\" data-tabid=\"42250ae\">\n            <div class=\"eael-tabs-nav\">\n                <ul class=\"\">\n                                            <li class=\"inactive\">\n                             <span class=\"eael-tab-title\">Objetivo<\/span>\n                        <\/li>\n                                            <li class=\"inactive\">\n                             <span class=\"eael-tab-title\">Descripci\u00f3n<\/span>\n                        <\/li>\n                                            <li class=\"inactive\">\n                             <span class=\"eael-tab-title\">\u00bfA qui\u00e9n va dirigido?<\/span>\n                        <\/li>\n                                    <\/ul>\n            <\/div>\n            <div class=\"eael-tabs-content\">\n                \n                    <div class=\"clearfix inactive\">\n                                                    <div class=\"card-body collapsed text-justify\">Profundizar en temas de presupuesto, recursos compartidos y programas, entendiendo los retos adicionales a los<br \/>conocidos para la Administraci\u00f3n de Proyectos y que son de inter\u00e9s para una Organizaci\u00f3n.<\/div>                                            <\/div>\n                \n                    <div class=\"clearfix inactive\">\n                                                    <div class=\"card-body collapsed text-justify\">Aprovechar las caracter\u00edsticas avanzadas de Project Desktop para aplicarlas a los temas de manejo de presupuesto y<br \/>manejo de varios proyectos por medio de un proyecto maestro (programa), haciendo muestra de la colaboraci\u00f3n con<br \/>el ambiente colaborativo de SharePoint.<\/div>                                            <\/div>\n                \n                    <div class=\"clearfix inactive\">\n                                                    <div class=\"card-body collapsed \">A personas interesadas en la herramienta de Project Professional 2013 - 2019 y en Administraci\u00f3n de Proyectos y que<br \/>tengan conocimientos b\u00e1sicos del uso de Project Desktop.<br \/>El personal responsable de impartir el curso cuenta con experiencia y certificaciones de: Project Manager Professional<br \/>(PMP) y Microsoft Certified IT Professional (MCITP), a fin de asegurar los conocimientos para explicar, profundizar y<br \/>resolver dudas a lo largo del curso.<\/div>                                            <\/div>\n                            <\/div>\n        <\/div>\n\t\t<\/div>\n\t\t\t\t<\/div>\n\t\t\t\t<div class=\"elementor-element elementor-element-3cf9444 elementor-button-info elementor-mobile-align-center elementor-widget-mobile__width-inherit elementor-align-center elementor-widget elementor-widget-button\" data-id=\"3cf9444\" data-element_type=\"widget\" data-widget_type=\"button.default\">\n\t\t\t\t<div class=\"elementor-widget-container\">\n\t\t\t\t\t<div class=\"elementor-button-wrapper\">\n\t\t\t<a href=\"http:\/\/optisa.com\/Download\/fichas\/ProjectDesktopAvanzado.pdf\" class=\"elementor-button-link elementor-button elementor-size-sm\" role=\"button\">\n\t\t\t\t\t\t<span class=\"elementor-button-content-wrapper\">\n\t\t\t\t\t\t<span class=\"elementor-button-icon elementor-align-icon-right\">\n\t\t\t\t<i aria-hidden=\"true\" class=\"fas fa-file-download\"><\/i>\t\t\t<\/span>\n\t\t\t\t\t\t<span class=\"elementor-button-text\">Temario<\/span>\n\t\t<\/span>\n\t\t\t\t\t<\/a>\n\t\t<\/div>\n\t\t\t\t<\/div>\n\t\t\t\t<\/div>\n\t\t\t\t<div class=\"elementor-element elementor-element-58f0523 elementor-widget elementor-widget-spacer\" data-id=\"58f0523\" data-element_type=\"widget\" data-widget_type=\"spacer.default\">\n\t\t\t\t<div class=\"elementor-widget-container\">\n\t\t\t\t\t<div class=\"elementor-spacer\">\n\t\t\t<div class=\"elementor-spacer-inner\"><\/div>\n\t\t<\/div>\n\t\t\t\t<\/div>\n\t\t\t\t<\/div>\n\t\t\t\t\t<\/div>\n\t\t<\/div>\n\t\t\t\t\t\t\t<\/div>\n\t\t<\/section>\n\t\t\t\t<section class=\"elementor-section elementor-top-section elementor-element elementor-element-6c9d232 elementor-section-boxed elementor-section-height-default elementor-section-height-default\" data-id=\"6c9d232\" data-element_type=\"section\" data-settings=\"{&quot;ekit_has_onepagescroll_dot&quot;:&quot;yes&quot;}\">\n\t\t\t\t\t\t<div class=\"elementor-container elementor-column-gap-default\">\n\t\t\t\t\t<div class=\"elementor-column elementor-col-100 elementor-top-column elementor-element elementor-element-7ace9f6\" data-id=\"7ace9f6\" data-element_type=\"column\">\n\t\t\t<div class=\"elementor-widget-wrap elementor-element-populated\">\n\t\t\t\t\t\t\t\t<div class=\"elementor-element elementor-element-79d2080 elementor-widget-divider--view-line_text elementor-widget-divider--element-align-center elementor-widget elementor-widget-divider\" data-id=\"79d2080\" data-element_type=\"widget\" data-widget_type=\"divider.default\">\n\t\t\t\t<div class=\"elementor-widget-container\">\n\t\t\t\t\t<div class=\"elementor-divider\">\n\t\t\t<span class=\"elementor-divider-separator\">\n\t\t\t\t\t\t\t<p class=\"elementor-divider__text elementor-divider__element\">INSTRUCTOR<\/p>\n\t\t\t\t\t\t<\/span>\n\t\t<\/div>\n\t\t\t\t<\/div>\n\t\t\t\t<\/div>\n\t\t\t\t<section class=\"elementor-section elementor-inner-section elementor-element elementor-element-f754300 elementor-section-boxed elementor-section-height-default elementor-section-height-default\" data-id=\"f754300\" data-element_type=\"section\" data-settings=\"{&quot;ekit_has_onepagescroll_dot&quot;:&quot;yes&quot;}\">\n\t\t\t\t\t\t<div class=\"elementor-container elementor-column-gap-default\">\n\t\t\t\t\t<div class=\"elementor-column elementor-col-50 elementor-inner-column elementor-element elementor-element-099ca81\" data-id=\"099ca81\" data-element_type=\"column\">\n\t\t\t<div class=\"elementor-widget-wrap elementor-element-populated\">\n\t\t\t\t\t\t\t\t<div class=\"elementor-element elementor-element-a41c7f1 elementor-widget elementor-widget-heading\" data-id=\"a41c7f1\" data-element_type=\"widget\" data-widget_type=\"heading.default\">\n\t\t\t\t<div class=\"elementor-widget-container\">\n\t\t\t<h1 class=\"elementor-heading-title elementor-size-default\">Ing. Javier D'Labra<\/h1>\t\t<\/div>\n\t\t\t\t<\/div>\n\t\t\t\t<div class=\"elementor-element elementor-element-cf11681 elementor-widget elementor-widget-image\" data-id=\"cf11681\" data-element_type=\"widget\" data-widget_type=\"image.default\">\n\t\t\t\t<div class=\"elementor-widget-container\">\n\t\t\t\t\t\t\t\t\t\t\t\t\t\t\t<img src=\"https:\/\/optisa.com.mx\/blog\/wp-content\/uploads\/2021\/05\/Javier-300x300.jpg\" title=\"Javier\" alt=\"Javier\" \/>\t\t\t\t\t\t\t\t\t\t\t\t\t\t\t<\/div>\n\t\t\t\t<\/div>\n\t\t\t\t<div class=\"elementor-element elementor-element-dc717b3 elementor-view-default elementor-widget elementor-widget-icon\" data-id=\"dc717b3\" data-element_type=\"widget\" data-widget_type=\"icon.default\">\n\t\t\t\t<div class=\"elementor-widget-container\">\n\t\t\t\t\t<div class=\"elementor-icon-wrapper\">\n\t\t\t<a class=\"elementor-icon\" href=\"https:\/\/www.linkedin.com\/in\/mvp-javier-dlabra\/\" target=\"_blank\">\n\t\t\t<i aria-hidden=\"true\" class=\"fab fa-linkedin\"><\/i>\t\t\t<\/a>\n\t\t<\/div>\n\t\t\t\t<\/div>\n\t\t\t\t<\/div>\n\t\t\t\t\t<\/div>\n\t\t<\/div>\n\t\t\t\t<div class=\"elementor-column elementor-col-50 elementor-inner-column elementor-element elementor-element-0a28ffe\" data-id=\"0a28ffe\" data-element_type=\"column\">\n\t\t\t<div class=\"elementor-widget-wrap elementor-element-populated\">\n\t\t\t\t\t\t\t\t<div class=\"elementor-element elementor-element-f0fcbab elementor-widget elementor-widget-text-editor\" data-id=\"f0fcbab\" data-element_type=\"widget\" data-widget_type=\"text-editor.default\">\n\t\t\t\t<div class=\"elementor-widget-container\">\n\t\t\t\t\t\t\t\t<ul><li>Lic. en F\u00edsica y Matem\u00e1ticas por el Instituto Polit\u00e9cnico Nacional (M\u00e9xico), y tiene un Diplomado en Planeaci\u00f3n Estrat\u00e9gica y Gobernabilidad de Tecnolog\u00edas de Informaci\u00f3n por parte de la Universidad Iberoamericana.<\/li><li>Cuenta con m\u00e1s de 30 a\u00f1os en el \u00e1rea de sistemas y 24 a\u00f1os en la pr\u00e1ctica de administraci\u00f3n de proyectos<\/li><li>20+ certificaciones asociadas a la Administraci\u00f3n de Proyectos y Tecnolog\u00edas de Informaci\u00f3n.<\/li><li>Apoyo de ventas para diversas cuentas de Microsoft, y en julio del 2014 fue aceptado como MVP de Project por parte de Microsoft siendo el primer hispanoamericano en contar con dicha certificaci\u00f3n.<\/li><li>Junto con Microsoft ha dado diversos webcast para clientes de LATAM, y es el desarrollador de soluciones para: Scrum, MAAGTICSI, PMO y Planeaci\u00f3n Estrat\u00e9gica.<\/li><\/ul>\t\t\t\t\t\t<\/div>\n\t\t\t\t<\/div>\n\t\t\t\t\t<\/div>\n\t\t<\/div>\n\t\t\t\t\t\t\t<\/div>\n\t\t<\/section>\n\t\t\t\t\t<\/div>\n\t\t<\/div>\n\t\t\t\t\t\t\t<\/div>\n\t\t<\/section>\n\t\t\t\t<section class=\"elementor-section elementor-top-section elementor-element elementor-element-64ad28d elementor-section-boxed elementor-section-height-default elementor-section-height-default\" data-id=\"64ad28d\" data-element_type=\"section\" data-settings=\"{&quot;ekit_has_onepagescroll_dot&quot;:&quot;yes&quot;}\">\n\t\t\t\t\t\t\t<div class=\"elementor-background-overlay\"><\/div>\n\t\t\t\t\t\t\t<div class=\"elementor-container elementor-column-gap-default\">\n\t\t\t\t\t<div class=\"elementor-column elementor-col-100 elementor-top-column elementor-element elementor-element-0709396\" data-id=\"0709396\" data-element_type=\"column\">\n\t\t\t<div class=\"elementor-widget-wrap elementor-element-populated\">\n\t\t\t\t\t\t\t\t<div class=\"elementor-element elementor-element-9ae5a35 elementor-widget-divider--view-line_text elementor-widget elementor-widget-divider\" data-id=\"9ae5a35\" data-element_type=\"widget\" data-widget_type=\"divider.default\">\n\t\t\t\t<div class=\"elementor-widget-container\">\n\t\t\t\t\t<div class=\"elementor-divider\">\n\t\t\t<span class=\"elementor-divider-separator\">\n\t\t\t\t\t\t\t<h1 class=\"elementor-divider__text elementor-divider__element\">project desktop professional<\/h1>\n\t\t\t\t\t\t<\/span>\n\t\t<\/div>\n\t\t\t\t<\/div>\n\t\t\t\t<\/div>\n\t\t\t\t<div class=\"elementor-element elementor-element-7872f03 elementor-widget elementor-widget-eael-feature-list\" data-id=\"7872f03\" data-element_type=\"widget\" data-widget_type=\"eael-feature-list.default\">\n\t\t\t\t<div class=\"elementor-widget-container\">\n\t\t\t\t\t<div class=\"-icon-position-left -tablet-icon-position-left -mobile-icon-position-left\">\n\t\t\t<ul id=\"eael-feature-list-7872f03\" class=\"eael-feature-list-items circle framed \">\n\t\t\t                <li class=\"eael-feature-list-item\">\n                    \n\t\t\t\t\t\t<div class=\"eael-feature-list-icon-box\">\n\t\t\t\t\t\t\t<div class=\"eael-feature-list-icon-inner\">\n\n\t\t\t\t\t\t\t\t<span class=\"eael-feature-list-icon fl-icon-0\">\n\n\t\t<i aria-hidden=\"true\" style=\"color:;\" class=\"fas fa-check\"><\/i>\t\t\t\t\t\t\t\t<\/span>\n\t\t\t\t\t\t\t<\/div>\n\t\t\t\t\t\t<\/div>\n\t\t\t\t\t\t<div class=\"eael-feature-list-content-box\">\n\t\t\t\t\t\t\t<p class=\"eael-feature-list-title\"\t\t\t\t\t\t\t><\/p\t\t\t\t\t\t>\n\t\t\t\t\t\t<p class=\"eael-feature-list-content\">Plantillas predise\u00f1adas te ayudar\u00e1n a iniciar tu proyecto por el camino correcto.<\/p>\n\t\t\t\t\t\t<\/div>\n\n\t\t\t\t\t<\/li>\n\t\t\t\t                <li class=\"eael-feature-list-item\">\n                    \n\t\t\t\t\t\t<div class=\"eael-feature-list-icon-box\">\n\t\t\t\t\t\t\t<div class=\"eael-feature-list-icon-inner\">\n\n\t\t\t\t\t\t\t\t<span class=\"eael-feature-list-icon fl-icon-1\">\n\n\t\t<i aria-hidden=\"true\" style=\"color:;\" class=\"fas fa-check\"><\/i>\t\t\t\t\t\t\t\t<\/span>\n\t\t\t\t\t\t\t<\/div>\n\t\t\t\t\t\t<\/div>\n\t\t\t\t\t\t<div class=\"eael-feature-list-content-box\">\n\t\t\t\t\t\t\t<p class=\"eael-feature-list-title\"\t\t\t\t\t\t\t><\/p\t\t\t\t\t\t>\n\t\t\t\t\t\t<p class=\"eael-feature-list-content\">Comprende y controla los horarios y finanzas de los proyectos.<\/p>\n\t\t\t\t\t\t<\/div>\n\n\t\t\t\t\t<\/li>\n\t\t\t\t                <li class=\"eael-feature-list-item\">\n                    \n\t\t\t\t\t\t<div class=\"eael-feature-list-icon-box\">\n\t\t\t\t\t\t\t<div class=\"eael-feature-list-icon-inner\">\n\n\t\t\t\t\t\t\t\t<span class=\"eael-feature-list-icon fl-icon-2\">\n\n\t\t<i aria-hidden=\"true\" style=\"color:;\" class=\"fas fa-check\"><\/i>\t\t\t\t\t\t\t\t<\/span>\n\t\t\t\t\t\t\t<\/div>\n\t\t\t\t\t\t<\/div>\n\t\t\t\t\t\t<div class=\"eael-feature-list-content-box\">\n\t\t\t\t\t\t\t<p class=\"eael-feature-list-title\"\t\t\t\t\t\t\t><\/p\t\t\t\t\t\t>\n\t\t\t\t\t\t<p class=\"eael-feature-list-content\">Organiza el trabajo y las personas para asegurar que los proyectos se completen a tiempo.<\/p>\n\t\t\t\t\t\t<\/div>\n\n\t\t\t\t\t<\/li>\n\t\t\t\t                <li class=\"eael-feature-list-item\">\n                    \n\t\t\t\t\t\t<div class=\"eael-feature-list-icon-box\">\n\t\t\t\t\t\t\t<div class=\"eael-feature-list-icon-inner\">\n\n\t\t\t\t\t\t\t\t<span class=\"eael-feature-list-icon fl-icon-3\">\n\n\t\t<i aria-hidden=\"true\" style=\"color:;\" class=\"fas fa-check\"><\/i>\t\t\t\t\t\t\t\t<\/span>\n\t\t\t\t\t\t\t<\/div>\n\t\t\t\t\t\t<\/div>\n\t\t\t\t\t\t<div class=\"eael-feature-list-content-box\">\n\t\t\t\t\t\t\t<p class=\"eael-feature-list-title\"\t\t\t\t\t\t\t><\/p\t\t\t\t\t\t>\n\t\t\t\t\t\t<p class=\"eael-feature-list-content\">Sincroniza con Project Online y Project Server.<\/p>\n\t\t\t\t\t\t<\/div>\n\n\t\t\t\t\t<\/li>\n\t\t\t\t                <li class=\"eael-feature-list-item\">\n                    \n\t\t\t\t\t\t<div class=\"eael-feature-list-icon-box\">\n\t\t\t\t\t\t\t<div class=\"eael-feature-list-icon-inner\">\n\n\t\t\t\t\t\t\t\t<span class=\"eael-feature-list-icon fl-icon-4\">\n\n\t\t<i aria-hidden=\"true\" style=\"color:;\" class=\"fas fa-check\"><\/i>\t\t\t\t\t\t\t\t<\/span>\n\t\t\t\t\t\t\t<\/div>\n\t\t\t\t\t\t<\/div>\n\t\t\t\t\t\t<div class=\"eael-feature-list-content-box\">\n\t\t\t\t\t\t\t<p class=\"eael-feature-list-title\"\t\t\t\t\t\t\t><\/p\t\t\t\t\t\t>\n\t\t\t\t\t\t<p class=\"eael-feature-list-content\">Los usuarios pueden enviar hojas de tiempo para capturar el tiempo dedicado al proyecto y no relacionado con el proyecto.<\/p>\n\t\t\t\t\t\t<\/div>\n\n\t\t\t\t\t<\/li>\n\t\t\t\t                <li class=\"eael-feature-list-item\">\n                    \n\t\t\t\t\t\t<div class=\"eael-feature-list-icon-box\">\n\t\t\t\t\t\t\t<div class=\"eael-feature-list-icon-inner\">\n\n\t\t\t\t\t\t\t\t<span class=\"eael-feature-list-icon fl-icon-5\">\n\n\t\t<i aria-hidden=\"true\" style=\"color:;\" class=\"fas fa-check\"><\/i>\t\t\t\t\t\t\t\t<\/span>\n\t\t\t\t\t\t\t<\/div>\n\t\t\t\t\t\t<\/div>\n\t\t\t\t\t\t<div class=\"eael-feature-list-content-box\">\n\t\t\t\t\t\t\t<p class=\"eael-feature-list-title\"\t\t\t\t\t\t\t><\/p\t\t\t\t\t\t>\n\t\t\t\t\t\t<p class=\"eael-feature-list-content\">Ejecuta escenarios hipot\u00e9ticos para aprovechar al m\u00e1ximo tus asignaciones de tareas.<\/p>\n\t\t\t\t\t\t<\/div>\n\n\t\t\t\t\t<\/li>\n\t\t\t\t                <li class=\"eael-feature-list-item\">\n                    \n\t\t\t\t\t\t<div class=\"eael-feature-list-icon-box\">\n\t\t\t\t\t\t\t<div class=\"eael-feature-list-icon-inner\">\n\n\t\t\t\t\t\t\t\t<span class=\"eael-feature-list-icon fl-icon-6\">\n\n\t\t<i aria-hidden=\"true\" style=\"color:;\" class=\"fas fa-check\"><\/i>\t\t\t\t\t\t\t\t<\/span>\n\t\t\t\t\t\t\t<\/div>\n\t\t\t\t\t\t<\/div>\n\t\t\t\t\t\t<div class=\"eael-feature-list-content-box\">\n\t\t\t\t\t\t\t<p class=\"eael-feature-list-title\"\t\t\t\t\t\t\t><\/p\t\t\t\t\t\t>\n\t\t\t\t\t\t<p class=\"eael-feature-list-content\">Complete autom\u00e1ticamente las fechas de inicio y finalizaci\u00f3n seg\u00fan las dependencias.<\/p>\n\t\t\t\t\t\t<\/div>\n\n\t\t\t\t\t<\/li>\n\t\t\t\t                <li class=\"eael-feature-list-item\">\n                    \n\t\t\t\t\t\t<div class=\"eael-feature-list-icon-box\">\n\t\t\t\t\t\t\t<div class=\"eael-feature-list-icon-inner\">\n\n\t\t\t\t\t\t\t\t<span class=\"eael-feature-list-icon fl-icon-7\">\n\n\t\t<i aria-hidden=\"true\" style=\"color:;\" class=\"fas fa-check\"><\/i>\t\t\t\t\t\t\t\t<\/span>\n\t\t\t\t\t\t\t<\/div>\n\t\t\t\t\t\t<\/div>\n\t\t\t\t\t\t<div class=\"eael-feature-list-content-box\">\n\t\t\t\t\t\t\t<p class=\"eael-feature-list-title\"\t\t\t\t\t\t\t><\/p\t\t\t\t\t\t>\n\t\t\t\t\t\t<p class=\"eael-feature-list-content\">Representa visualmente programas complejos con m\u00faltiples l\u00edneas de tiempo integradas.<\/p>\n\t\t\t\t\t\t<\/div>\n\n\t\t\t\t\t<\/li>\n\t\t\t\t\t\t\t<\/ul>\n\t\t<\/div>\n\t\t\t\t<\/div>\n\t\t\t\t<\/div>\n\t\t\t\t\t<\/div>\n\t\t<\/div>\n\t\t\t\t\t\t\t<\/div>\n\t\t<\/section>\n\t\t\t\t\t\t<\/div>\n\t\t\t\t\t<\/div>\n\t\t","protected":false},"excerpt":{"rendered":"<p>PROJECT DESKTOP AVANZADO Modalidad: En vivo y online Fechas: Del 14 al 18 de junio del 2021 Horario: 18:00 a 21:00 hrs. Duraci\u00f3n: 15 hrs. Curso avalado por la Secretaria del Trabajo y Previsi\u00f3n Social Constancia con valor curricular GRATIS:&nbsp;Acceso al curso OnDemand Iniciar Chat PR\u00d3XIMO CURSO 00D\u00edas 00Horas 00Minutos Objetivo Descripci\u00f3n \u00bfA qui\u00e9n va [&hellip;]<\/p>\n","protected":false},"author":1,"featured_media":0,"parent":0,"menu_order":0,"comment_status":"closed","ping_status":"closed","template":"","meta":[],"_links":{"self":[{"href":"https:\/\/optisa.com.mx\/blog\/index.php\/wp-json\/wp\/v2\/pages\/412"}],"collection":[{"href":"https:\/\/optisa.com.mx\/blog\/index.php\/wp-json\/wp\/v2\/pages"}],"about":[{"href":"https:\/\/optisa.com.mx\/blog\/index.php\/wp-json\/wp\/v2\/types\/page"}],"author":[{"embeddable":true,"href":"https:\/\/optisa.com.mx\/blog\/index.php\/wp-json\/wp\/v2\/users\/1"}],"replies":[{"embeddable":true,"href":"https:\/\/optisa.com.mx\/blog\/index.php\/wp-json\/wp\/v2\/comments?post=412"}],"version-history":[{"count":8,"href":"https:\/\/optisa.com.mx\/blog\/index.php\/wp-json\/wp\/v2\/pages\/412\/revisions"}],"predecessor-version":[{"id":430,"href":"https:\/\/optisa.com.mx\/blog\/index.php\/wp-json\/wp\/v2\/pages\/412\/revisions\/430"}],"wp:attachment":[{"href":"https:\/\/optisa.com.mx\/blog\/index.php\/wp-json\/wp\/v2\/media?parent=412"}],"curies":[{"name":"wp","href":"https:\/\/api.w.org\/{rel}","templated":true}]}}