{"id":541,"date":"2021-07-16T06:14:10","date_gmt":"2021-07-16T06:14:10","guid":{"rendered":"https:\/\/optisa.com.mx\/blog\/?page_id=541"},"modified":"2021-07-16T06:32:30","modified_gmt":"2021-07-16T06:32:30","slug":"microsoft-project-fundamentals","status":"publish","type":"page","link":"https:\/\/optisa.com.mx\/blog\/index.php\/microsoft-project-fundamentals\/","title":{"rendered":"Microsoft Project Desktop Fundamentals"},"content":{"rendered":"\t\t<div data-elementor-type=\"wp-page\" data-elementor-id=\"541\" class=\"elementor elementor-541\" data-elementor-settings=\"[]\">\n\t\t\t\t\t\t\t<div class=\"elementor-section-wrap\">\n\t\t\t\t\t\t\t<section class=\"elementor-section elementor-top-section elementor-element elementor-element-317add5 elementor-section-height-min-height elementor-section-items-top elementor-section-content-top elementor-section-boxed elementor-section-height-default\" data-id=\"317add5\" data-element_type=\"section\" data-settings=\"{&quot;ekit_has_onepagescroll_dot&quot;:&quot;yes&quot;}\">\n\t\t\t\t\t\t\t<div class=\"elementor-background-overlay\"><\/div>\n\t\t\t\t\t\t\t<div class=\"elementor-container elementor-column-gap-default\">\n\t\t\t\t\t<div class=\"elementor-column elementor-col-100 elementor-top-column elementor-element elementor-element-5d7b3fc elementor-invisible\" data-id=\"5d7b3fc\" data-element_type=\"column\" data-settings=\"{&quot;animation&quot;:&quot;pulse&quot;}\">\n\t\t\t<div class=\"elementor-widget-wrap elementor-element-populated\">\n\t\t\t\t\t\t\t\t<section class=\"elementor-section elementor-inner-section elementor-element elementor-element-207cf4e elementor-section-full_width elementor-section-height-default elementor-section-height-default\" data-id=\"207cf4e\" data-element_type=\"section\" data-settings=\"{&quot;ekit_has_onepagescroll_dot&quot;:&quot;yes&quot;}\">\n\t\t\t\t\t\t<div class=\"elementor-container elementor-column-gap-default\">\n\t\t\t\t\t<div class=\"elementor-column elementor-col-100 elementor-inner-column elementor-element elementor-element-5f2a111 elementor-invisible\" data-id=\"5f2a111\" data-element_type=\"column\" data-settings=\"{&quot;animation&quot;:&quot;fadeInLeft&quot;}\">\n\t\t\t<div class=\"elementor-widget-wrap elementor-element-populated\">\n\t\t\t\t\t\t\t\t<div class=\"elementor-element elementor-element-7e044da elementor-widget__width-inherit elementor-widget-mobile__width-inherit elementor-widget elementor-widget-text-editor\" data-id=\"7e044da\" data-element_type=\"widget\" data-settings=\"{&quot;_animation_mobile&quot;:&quot;fadeInDown&quot;}\" data-widget_type=\"text-editor.default\">\n\t\t\t\t<div class=\"elementor-widget-container\">\n\t\t\t\t\t\t\t\t<p>Microsoft Project Desktop Fundamentals<\/p>\t\t\t\t\t\t<\/div>\n\t\t\t\t<\/div>\n\t\t\t\t\t<\/div>\n\t\t<\/div>\n\t\t\t\t\t\t\t<\/div>\n\t\t<\/section>\n\t\t\t\t<div class=\"elementor-element elementor-element-0f74a61 elementor-widget elementor-widget-text-editor\" data-id=\"0f74a61\" data-element_type=\"widget\" data-widget_type=\"text-editor.default\">\n\t\t\t\t<div class=\"elementor-widget-container\">\n\t\t\t\t\t\t\t\t<ul><li><strong>Modalidad:<\/strong> En vivo y online<\/li><li><strong>Fechas:<\/strong> Agosto 7, 2021<\/li><li><strong>Horario:<\/strong> 09:00 a 13:00 hrs.<\/li><li><strong>Duraci\u00f3n:<\/strong> 4 hrs.<\/li><li>Curso avalado por la Secretaria del Trabajo y Previsi\u00f3n Social<\/li><li>Constancia con valor curricular<\/li><\/ul>\t\t\t\t\t\t<\/div>\n\t\t\t\t<\/div>\n\t\t\t\t\t<\/div>\n\t\t<\/div>\n\t\t\t\t\t\t\t<\/div>\n\t\t<\/section>\n\t\t\t\t<section class=\"elementor-section elementor-top-section elementor-element elementor-element-49c60ac elementor-section-boxed elementor-section-height-default elementor-section-height-default\" data-id=\"49c60ac\" data-element_type=\"section\" data-settings=\"{&quot;ekit_has_onepagescroll_dot&quot;:&quot;yes&quot;}\">\n\t\t\t\t\t\t<div class=\"elementor-container elementor-column-gap-default\">\n\t\t\t\t\t<div class=\"elementor-column elementor-col-100 elementor-top-column elementor-element elementor-element-a80ae00\" data-id=\"a80ae00\" data-element_type=\"column\">\n\t\t\t<div class=\"elementor-widget-wrap elementor-element-populated\">\n\t\t\t\t\t\t\t\t<div class=\"elementor-element elementor-element-0d276c0 elementor-widget elementor-widget-spacer\" data-id=\"0d276c0\" data-element_type=\"widget\" data-widget_type=\"spacer.default\">\n\t\t\t\t<div class=\"elementor-widget-container\">\n\t\t\t\t\t<div class=\"elementor-spacer\">\n\t\t\t<div class=\"elementor-spacer-inner\"><\/div>\n\t\t<\/div>\n\t\t\t\t<\/div>\n\t\t\t\t<\/div>\n\t\t\t\t<div class=\"elementor-element elementor-element-b97ad3e elementor-widget elementor-widget-heading\" data-id=\"b97ad3e\" data-element_type=\"widget\" data-widget_type=\"heading.default\">\n\t\t\t\t<div class=\"elementor-widget-container\">\n\t\t\t<h1 class=\"elementor-heading-title elementor-size-default\">50% de descuento<\/h1>\t\t<\/div>\n\t\t\t\t<\/div>\n\t\t\t\t<div class=\"elementor-element elementor-element-664bf5c elementor-widget elementor-widget-heading\" data-id=\"664bf5c\" data-element_type=\"widget\" data-widget_type=\"heading.default\">\n\t\t\t\t<div class=\"elementor-widget-container\">\n\t\t\t<h2 class=\"elementor-heading-title elementor-size-default\">Reserva tu lugar antes del 1 de agosto y aprovecha el incre\u00edble precio de MX $250 pesos (Lugares Limitados)<\/h2>\t\t<\/div>\n\t\t\t\t<\/div>\n\t\t\t\t<div class=\"elementor-element elementor-element-4ec51cf elementor-widget__width-inherit elementor-widget-tablet__width-inherit elementor-widget-mobile__width-inherit elementor-invisible elementor-widget elementor-widget-eael-creative-button\" data-id=\"4ec51cf\" data-element_type=\"widget\" data-settings=\"{&quot;_animation&quot;:&quot;fadeInLeft&quot;}\" data-widget_type=\"eael-creative-button.default\">\n\t\t\t\t<div class=\"elementor-widget-container\">\n\t\t\t        <div class=\"eael-creative-button-wrapper\">\n\n            <a class=\"eael-creative-button eael-creative-button--tamaya\" href=\"https:\/\/wa.me\/525534751373\" data-text=\"WhatsApp\">\n\n                <div class=\"creative-button-inner\">\n\n                    \n                    <span class=\"cretive-button-text\">Iniciar Chat<\/span>\n\n                                    <\/div>\n            <\/a>\n        <\/div>\n\t\t<\/div>\n\t\t\t\t<\/div>\n\t\t\t\t<div class=\"elementor-element elementor-element-a5efdca elementor-widget-divider--view-line_text elementor-widget-divider--element-align-center elementor-widget elementor-widget-divider\" data-id=\"a5efdca\" data-element_type=\"widget\" data-widget_type=\"divider.default\">\n\t\t\t\t<div class=\"elementor-widget-container\">\n\t\t\t\t\t<div class=\"elementor-divider\">\n\t\t\t<span class=\"elementor-divider-separator\">\n\t\t\t\t\t\t\t<h1 class=\"elementor-divider__text elementor-divider__element\">PR\u00d3XIMO CURSO<\/h1>\n\t\t\t\t\t\t<\/span>\n\t\t<\/div>\n\t\t\t\t<\/div>\n\t\t\t\t<\/div>\n\t\t\t\t<div class=\"elementor-element elementor-element-66a6fd8 elementor-widget elementor-widget-eael-countdown\" data-id=\"66a6fd8\" data-element_type=\"widget\" data-widget_type=\"eael-countdown.default\">\n\t\t\t\t<div class=\"elementor-widget-container\">\n\t\t\t\n\t\t<div class=\"eael-countdown-wrapper\" data-countdown-id=\"66a6fd8\" data-expire-type=\"none\">\n\t\t\t<div class=\"eael-countdown-container eael-countdown-label-block -tablet eael-countdown-label-inline-mobile eael-countdown-show-separator eael-countdown-separator-dotted\">\n\t\t\t\t<ul id=\"eael-countdown-66a6fd8\" class=\"eael-countdown-items\" data-date=\"Aug 07 2021 0:00:00\">\n\t\t\t\t\t<li class=\"eael-countdown-item\"><div class=\"eael-countdown-days\"><span data-days class=\"eael-countdown-digits\">00<\/span><span class=\"eael-countdown-label\">D\u00edas<\/span><\/div><\/li>\t\t\t\t\t<li class=\"eael-countdown-item\"><div class=\"eael-countdown-hours\"><span data-hours class=\"eael-countdown-digits\">00<\/span><span class=\"eael-countdown-label\">Horas<\/span><\/div><\/li>\t\t\t\t<li class=\"eael-countdown-item\"><div class=\"eael-countdown-minutes\"><span data-minutes class=\"eael-countdown-digits\">00<\/span><span class=\"eael-countdown-label\">Minutos<\/span><\/div><\/li>\t\t\t\t\t\t\t\t<\/ul>\n\t\t\t\t<div class=\"clearfix\"><\/div>\n\t\t\t<\/div>\n\t\t<\/div>\n\n\t\t\t<\/div>\n\t\t\t\t<\/div>\n\t\t\t\t\t<\/div>\n\t\t<\/div>\n\t\t\t\t\t\t\t<\/div>\n\t\t<\/section>\n\t\t\t\t<section class=\"elementor-section elementor-top-section elementor-element elementor-element-cc061d7 elementor-section-content-middle elementor-section-boxed elementor-section-height-default elementor-section-height-default\" data-id=\"cc061d7\" data-element_type=\"section\" data-settings=\"{&quot;background_background&quot;:&quot;classic&quot;,&quot;ekit_has_onepagescroll_dot&quot;:&quot;yes&quot;}\">\n\t\t\t\t\t\t\t<div class=\"elementor-background-overlay\"><\/div>\n\t\t\t\t\t\t\t<div class=\"elementor-container elementor-column-gap-default\">\n\t\t\t\t\t<div class=\"elementor-column elementor-col-100 elementor-top-column elementor-element elementor-element-b7a982d\" data-id=\"b7a982d\" data-element_type=\"column\" data-settings=\"{&quot;background_background&quot;:&quot;classic&quot;}\">\n\t\t\t<div class=\"elementor-widget-wrap elementor-element-populated\">\n\t\t\t\t\t\t\t\t<div class=\"elementor-element elementor-element-42250ae elementor-widget elementor-widget-eael-adv-tabs\" data-id=\"42250ae\" data-element_type=\"widget\" data-widget_type=\"eael-adv-tabs.default\">\n\t\t\t\t<div class=\"elementor-widget-container\">\n\t\t\t        <div id=\"eael-advance-tabs-42250ae\" class=\"eael-advance-tabs eael-tabs-horizontal\" data-tabid=\"42250ae\">\n            <div class=\"eael-tabs-nav\">\n                <ul class=\"\">\n                                            <li class=\"inactive\">\n                             <span class=\"eael-tab-title\">Objetivo<\/span>\n                        <\/li>\n                                            <li class=\"inactive\">\n                             <span class=\"eael-tab-title\">Descripci\u00f3n<\/span>\n                        <\/li>\n                                            <li class=\"inactive\">\n                             <span class=\"eael-tab-title\">\u00bfA qui\u00e9n va dirigido?<\/span>\n                        <\/li>\n                                    <\/ul>\n            <\/div>\n            <div class=\"eael-tabs-content\">\n                \n                    <div class=\"clearfix inactive\">\n                                                    <div class=\"card-body collapsed text-justify\">Identifica y usa los comandos\u00a0 b\u00e1sicos para crear un cronograma con Best Practices.<\/div>                                            <\/div>\n                \n                    <div class=\"clearfix inactive\">\n                                                    <div class=\"card-body collapsed text-justify\">Conoce la funcionalidad b\u00e1sica de Project Desktop entendiendo las capacidades de la aplicaci\u00f3n.\u00a0<\/div><div>Se interact\u00faa directamente con la herramienta y se llevan a cabo ejemplos que ayudan en el d\u00eda a d\u00eda en el mundo laboral.<\/div>                                            <\/div>\n                \n                    <div class=\"clearfix inactive\">\n                                                    <div class=\"card-body collapsed \">A personas que desean usar correctamente la herramienta de Project Professional 2013 - 2019.<\/div><div class=\"card-body collapsed \">Este taller te permitir\u00e1 tener las habilidades del uso b\u00e1sico de la herramienta Project Professional de Escritorio.<\/div>                                            <\/div>\n                            <\/div>\n        <\/div>\n\t\t<\/div>\n\t\t\t\t<\/div>\n\t\t\t\t<div class=\"elementor-element elementor-element-58f0523 elementor-widget elementor-widget-spacer\" data-id=\"58f0523\" data-element_type=\"widget\" data-widget_type=\"spacer.default\">\n\t\t\t\t<div class=\"elementor-widget-container\">\n\t\t\t\t\t<div class=\"elementor-spacer\">\n\t\t\t<div class=\"elementor-spacer-inner\"><\/div>\n\t\t<\/div>\n\t\t\t\t<\/div>\n\t\t\t\t<\/div>\n\t\t\t\t\t<\/div>\n\t\t<\/div>\n\t\t\t\t\t\t\t<\/div>\n\t\t<\/section>\n\t\t\t\t<section class=\"elementor-section elementor-top-section elementor-element elementor-element-6c9d232 elementor-section-boxed elementor-section-height-default elementor-section-height-default\" data-id=\"6c9d232\" data-element_type=\"section\" data-settings=\"{&quot;ekit_has_onepagescroll_dot&quot;:&quot;yes&quot;}\">\n\t\t\t\t\t\t<div class=\"elementor-container elementor-column-gap-default\">\n\t\t\t\t\t<div class=\"elementor-column elementor-col-100 elementor-top-column elementor-element elementor-element-7ace9f6\" data-id=\"7ace9f6\" data-element_type=\"column\">\n\t\t\t<div class=\"elementor-widget-wrap elementor-element-populated\">\n\t\t\t\t\t\t\t\t<div class=\"elementor-element elementor-element-79d2080 elementor-widget-divider--view-line_text elementor-widget-divider--element-align-center elementor-widget elementor-widget-divider\" data-id=\"79d2080\" data-element_type=\"widget\" data-widget_type=\"divider.default\">\n\t\t\t\t<div class=\"elementor-widget-container\">\n\t\t\t\t\t<div class=\"elementor-divider\">\n\t\t\t<span class=\"elementor-divider-separator\">\n\t\t\t\t\t\t\t<p class=\"elementor-divider__text elementor-divider__element\">INSTRUCTORES<\/p>\n\t\t\t\t\t\t<\/span>\n\t\t<\/div>\n\t\t\t\t<\/div>\n\t\t\t\t<\/div>\n\t\t\t\t<section class=\"elementor-section elementor-inner-section elementor-element elementor-element-f754300 elementor-section-boxed elementor-section-height-default elementor-section-height-default\" data-id=\"f754300\" data-element_type=\"section\" data-settings=\"{&quot;ekit_has_onepagescroll_dot&quot;:&quot;yes&quot;}\">\n\t\t\t\t\t\t<div class=\"elementor-container elementor-column-gap-default\">\n\t\t\t\t\t<div class=\"elementor-column elementor-col-50 elementor-inner-column elementor-element elementor-element-099ca81\" data-id=\"099ca81\" data-element_type=\"column\">\n\t\t\t<div class=\"elementor-widget-wrap elementor-element-populated\">\n\t\t\t\t\t\t\t\t<div class=\"elementor-element elementor-element-a41c7f1 elementor-widget elementor-widget-heading\" data-id=\"a41c7f1\" data-element_type=\"widget\" data-widget_type=\"heading.default\">\n\t\t\t\t<div class=\"elementor-widget-container\">\n\t\t\t<h1 class=\"elementor-heading-title elementor-size-default\">Ing. Javier D'Labra<\/h1>\t\t<\/div>\n\t\t\t\t<\/div>\n\t\t\t\t<div class=\"elementor-element elementor-element-cf11681 elementor-widget elementor-widget-image\" data-id=\"cf11681\" data-element_type=\"widget\" data-widget_type=\"image.default\">\n\t\t\t\t<div class=\"elementor-widget-container\">\n\t\t\t\t\t\t\t\t\t\t\t\t\t\t\t<img src=\"https:\/\/optisa.com.mx\/blog\/wp-content\/uploads\/2021\/05\/Javier-300x300.jpg\" title=\"Javier\" alt=\"Javier\" \/>\t\t\t\t\t\t\t\t\t\t\t\t\t\t\t<\/div>\n\t\t\t\t<\/div>\n\t\t\t\t<div class=\"elementor-element elementor-element-dc717b3 elementor-view-default elementor-widget elementor-widget-icon\" data-id=\"dc717b3\" data-element_type=\"widget\" data-widget_type=\"icon.default\">\n\t\t\t\t<div class=\"elementor-widget-container\">\n\t\t\t\t\t<div class=\"elementor-icon-wrapper\">\n\t\t\t<a class=\"elementor-icon\" href=\"https:\/\/www.linkedin.com\/in\/mvp-javier-dlabra\/\" target=\"_blank\">\n\t\t\t<i aria-hidden=\"true\" class=\"fab fa-linkedin\"><\/i>\t\t\t<\/a>\n\t\t<\/div>\n\t\t\t\t<\/div>\n\t\t\t\t<\/div>\n\t\t\t\t\t<\/div>\n\t\t<\/div>\n\t\t\t\t<div class=\"elementor-column elementor-col-50 elementor-inner-column elementor-element elementor-element-0a28ffe\" data-id=\"0a28ffe\" data-element_type=\"column\">\n\t\t\t<div class=\"elementor-widget-wrap elementor-element-populated\">\n\t\t\t\t\t\t\t\t<div class=\"elementor-element elementor-element-f0fcbab elementor-widget elementor-widget-text-editor\" data-id=\"f0fcbab\" data-element_type=\"widget\" data-widget_type=\"text-editor.default\">\n\t\t\t\t<div class=\"elementor-widget-container\">\n\t\t\t\t\t\t\t\t<ul><li>Lic. en F\u00edsica y Matem\u00e1ticas por el Instituto Polit\u00e9cnico Nacional (M\u00e9xico), y tiene un Diplomado en Planeaci\u00f3n Estrat\u00e9gica y Gobernabilidad de Tecnolog\u00edas de Informaci\u00f3n por parte de la Universidad Iberoamericana.<\/li><li>Cuenta con m\u00e1s de 30 a\u00f1os en el \u00e1rea de sistemas y 24 a\u00f1os en la pr\u00e1ctica de administraci\u00f3n de proyectos<\/li><li>20+ certificaciones asociadas a la Administraci\u00f3n de Proyectos y Tecnolog\u00edas de Informaci\u00f3n.<\/li><li>Apoyo de ventas para diversas cuentas de Microsoft, y en julio del 2014 fue aceptado como MVP de Project por parte de Microsoft siendo el primer hispanoamericano en contar con dicha certificaci\u00f3n.<\/li><li>Junto con Microsoft ha dado diversos webcast para clientes de LATAM, y es el desarrollador de soluciones para: Scrum, MAAGTICSI, PMO y Planeaci\u00f3n Estrat\u00e9gica.<\/li><\/ul>\t\t\t\t\t\t<\/div>\n\t\t\t\t<\/div>\n\t\t\t\t\t<\/div>\n\t\t<\/div>\n\t\t\t\t\t\t\t<\/div>\n\t\t<\/section>\n\t\t\t\t<section class=\"elementor-section elementor-inner-section elementor-element elementor-element-cee717f elementor-section-boxed elementor-section-height-default elementor-section-height-default\" data-id=\"cee717f\" data-element_type=\"section\" data-settings=\"{&quot;ekit_has_onepagescroll_dot&quot;:&quot;yes&quot;}\">\n\t\t\t\t\t\t<div class=\"elementor-container elementor-column-gap-default\">\n\t\t\t\t\t<div class=\"elementor-column elementor-col-50 elementor-inner-column elementor-element elementor-element-86e1ceb\" data-id=\"86e1ceb\" data-element_type=\"column\">\n\t\t\t<div class=\"elementor-widget-wrap elementor-element-populated\">\n\t\t\t\t\t\t\t\t<div class=\"elementor-element elementor-element-20c5303 elementor-widget elementor-widget-heading\" data-id=\"20c5303\" data-element_type=\"widget\" data-widget_type=\"heading.default\">\n\t\t\t\t<div class=\"elementor-widget-container\">\n\t\t\t<h1 class=\"elementor-heading-title elementor-size-default\">Ing. Francisco Ram\u00edrez<\/h1>\t\t<\/div>\n\t\t\t\t<\/div>\n\t\t\t\t<div class=\"elementor-element elementor-element-c4600bf elementor-widget elementor-widget-image\" data-id=\"c4600bf\" data-element_type=\"widget\" data-widget_type=\"image.default\">\n\t\t\t\t<div class=\"elementor-widget-container\">\n\t\t\t\t\t\t\t\t\t\t\t\t\t\t\t<img src=\"https:\/\/optisa.com.mx\/blog\/wp-content\/uploads\/2021\/05\/Francisco-300x300.jpg\" title=\"Francisco\" alt=\"Francisco\" \/>\t\t\t\t\t\t\t\t\t\t\t\t\t\t\t<\/div>\n\t\t\t\t<\/div>\n\t\t\t\t<div class=\"elementor-element elementor-element-63e331d elementor-view-default elementor-widget elementor-widget-icon\" data-id=\"63e331d\" data-element_type=\"widget\" data-widget_type=\"icon.default\">\n\t\t\t\t<div class=\"elementor-widget-container\">\n\t\t\t\t\t<div class=\"elementor-icon-wrapper\">\n\t\t\t<a class=\"elementor-icon\" href=\"https:\/\/www.linkedin.com\/in\/francisco-ramirez-1aa05511\/\" target=\"_blank\">\n\t\t\t<i aria-hidden=\"true\" class=\"fab fa-linkedin\"><\/i>\t\t\t<\/a>\n\t\t<\/div>\n\t\t\t\t<\/div>\n\t\t\t\t<\/div>\n\t\t\t\t\t<\/div>\n\t\t<\/div>\n\t\t\t\t<div class=\"elementor-column elementor-col-50 elementor-inner-column elementor-element elementor-element-bab189e\" data-id=\"bab189e\" data-element_type=\"column\">\n\t\t\t<div class=\"elementor-widget-wrap elementor-element-populated\">\n\t\t\t\t\t\t\t\t<div class=\"elementor-element elementor-element-d51bea5 elementor-widget elementor-widget-text-editor\" data-id=\"d51bea5\" data-element_type=\"widget\" data-widget_type=\"text-editor.default\">\n\t\t\t\t<div class=\"elementor-widget-container\">\n\t\t\t\t\t\t\t\t<ul><li>Project Manager \/ Scrum Master.<\/li><li>M\u00e1s de 25 a\u00f1os de experiencia en industrias de tecnolog\u00eda y consultor\u00eda como gerente de diversas \u00e1reas de TI.<\/li><li>Ejecutivo de proyectos y consultor de procesos.<\/li><li>Experiencia en la definici\u00f3n e implementaci\u00f3n de iniciativas de sistemas estrat\u00e9gicos basados en objetivos de negocio.<\/li><li>Contribuci\u00f3n de toda la empresa para una mayor eficiencia de procesos, reducci\u00f3n de riesgos y rentabilidad a trav\u00e9s de la selecci\u00f3n e implementaci\u00f3n de software de TI de clase mundial.<\/li><\/ul>\t\t\t\t\t\t<\/div>\n\t\t\t\t<\/div>\n\t\t\t\t\t<\/div>\n\t\t<\/div>\n\t\t\t\t\t\t\t<\/div>\n\t\t<\/section>\n\t\t\t\t\t<\/div>\n\t\t<\/div>\n\t\t\t\t\t\t\t<\/div>\n\t\t<\/section>\n\t\t\t\t<section class=\"elementor-section elementor-top-section elementor-element elementor-element-41d849b elementor-section-boxed elementor-section-height-default elementor-section-height-default\" data-id=\"41d849b\" data-element_type=\"section\" data-settings=\"{&quot;ekit_has_onepagescroll_dot&quot;:&quot;yes&quot;}\">\n\t\t\t\t\t\t<div class=\"elementor-container elementor-column-gap-default\">\n\t\t\t\t\t<div class=\"elementor-column elementor-col-100 elementor-top-column elementor-element elementor-element-5d3e3f2\" data-id=\"5d3e3f2\" data-element_type=\"column\">\n\t\t\t<div class=\"elementor-widget-wrap elementor-element-populated\">\n\t\t\t\t\t\t\t\t<div class=\"elementor-element elementor-element-cdd809a elementor-widget-divider--view-line elementor-widget elementor-widget-divider\" data-id=\"cdd809a\" data-element_type=\"widget\" data-widget_type=\"divider.default\">\n\t\t\t\t<div class=\"elementor-widget-container\">\n\t\t\t\t\t<div class=\"elementor-divider\">\n\t\t\t<span class=\"elementor-divider-separator\">\n\t\t\t\t\t\t<\/span>\n\t\t<\/div>\n\t\t\t\t<\/div>\n\t\t\t\t<\/div>\n\t\t\t\t<div class=\"elementor-element elementor-element-776503c elementor-widget elementor-widget-heading\" data-id=\"776503c\" data-element_type=\"widget\" data-widget_type=\"heading.default\">\n\t\t\t\t<div class=\"elementor-widget-container\">\n\t\t\t<h2 class=\"elementor-heading-title elementor-size-default\">Presentado por:<\/h2>\t\t<\/div>\n\t\t\t\t<\/div>\n\t\t\t\t<div class=\"elementor-element elementor-element-fdc2708 elementor-widget elementor-widget-image\" data-id=\"fdc2708\" data-element_type=\"widget\" data-widget_type=\"image.default\">\n\t\t\t\t<div class=\"elementor-widget-container\">\n\t\t\t\t\t\t\t\t\t\t\t\t\t\t\t\t<a href=\"http:\/\/www.optisa.com.mx\">\n\t\t\t\t\t\t\t<img width=\"300\" height=\"300\" src=\"https:\/\/optisa.com.mx\/blog\/wp-content\/uploads\/2021\/05\/1024-300x300.jpg\" class=\"attachment-medium size-medium\" alt=\"\" loading=\"lazy\" srcset=\"https:\/\/optisa.com.mx\/blog\/wp-content\/uploads\/2021\/05\/1024-300x300.jpg 300w, https:\/\/optisa.com.mx\/blog\/wp-content\/uploads\/2021\/05\/1024.jpg 1024w, https:\/\/optisa.com.mx\/blog\/wp-content\/uploads\/2021\/05\/1024-150x150.jpg 150w, https:\/\/optisa.com.mx\/blog\/wp-content\/uploads\/2021\/05\/1024-768x768.jpg 768w, https:\/\/optisa.com.mx\/blog\/wp-content\/uploads\/2021\/05\/1024-600x600.jpg 600w, https:\/\/optisa.com.mx\/blog\/wp-content\/uploads\/2021\/05\/1024-100x100.jpg 100w\" sizes=\"(max-width: 300px) 100vw, 300px\" \/>\t\t\t\t\t\t\t\t<\/a>\n\t\t\t\t\t\t\t\t\t\t\t\t\t\t\t<\/div>\n\t\t\t\t<\/div>\n\t\t\t\t\t<\/div>\n\t\t<\/div>\n\t\t\t\t\t\t\t<\/div>\n\t\t<\/section>\n\t\t\t\t\t\t<\/div>\n\t\t\t\t\t<\/div>\n\t\t","protected":false},"excerpt":{"rendered":"<p>Microsoft Project Desktop Fundamentals Modalidad: En vivo y online Fechas: Agosto 7, 2021 Horario: 09:00 a 13:00 hrs. Duraci\u00f3n: 4 hrs. Curso avalado por la Secretaria del Trabajo y Previsi\u00f3n Social Constancia con valor curricular 50% de descuento Reserva tu lugar antes del 1 de agosto y aprovecha el incre\u00edble precio de MX $250 pesos [&hellip;]<\/p>\n","protected":false},"author":1,"featured_media":0,"parent":0,"menu_order":0,"comment_status":"closed","ping_status":"closed","template":"","meta":[],"_links":{"self":[{"href":"https:\/\/optisa.com.mx\/blog\/index.php\/wp-json\/wp\/v2\/pages\/541"}],"collection":[{"href":"https:\/\/optisa.com.mx\/blog\/index.php\/wp-json\/wp\/v2\/pages"}],"about":[{"href":"https:\/\/optisa.com.mx\/blog\/index.php\/wp-json\/wp\/v2\/types\/page"}],"author":[{"embeddable":true,"href":"https:\/\/optisa.com.mx\/blog\/index.php\/wp-json\/wp\/v2\/users\/1"}],"replies":[{"embeddable":true,"href":"https:\/\/optisa.com.mx\/blog\/index.php\/wp-json\/wp\/v2\/comments?post=541"}],"version-history":[{"count":12,"href":"https:\/\/optisa.com.mx\/blog\/index.php\/wp-json\/wp\/v2\/pages\/541\/revisions"}],"predecessor-version":[{"id":553,"href":"https:\/\/optisa.com.mx\/blog\/index.php\/wp-json\/wp\/v2\/pages\/541\/revisions\/553"}],"wp:attachment":[{"href":"https:\/\/optisa.com.mx\/blog\/index.php\/wp-json\/wp\/v2\/media?parent=541"}],"curies":[{"name":"wp","href":"https:\/\/api.w.org\/{rel}","templated":true}]}}